{"id":188,"date":"2021-02-03T18:03:12","date_gmt":"2021-02-03T17:03:12","guid":{"rendered":"https:\/\/smartenergy44.eu\/smart-energy-4-4\/"},"modified":"2022-05-13T12:04:01","modified_gmt":"2022-05-13T10:04:01","slug":"smart-energy-4-4","status":"publish","type":"page","link":"https:\/\/smartenergy44.eu\/fr\/smart-energy-4-4\/","title":{"rendered":"Smart Energy 4.4"},"content":{"rendered":"<p><img loading=\"lazy\" decoding=\"async\" class=\"aligncenter wp-image-183 size-full\" src=\"https:\/\/smartenergy44.eu\/wp-content\/uploads\/2021\/01\/Bildband_SmartEnergy.jpg\" alt=\"Collage aus Stimmungsbildern\" width=\"1536\" height=\"332\" srcset=\"https:\/\/smartenergy44.eu\/wp-content\/uploads\/2021\/01\/Bildband_SmartEnergy.jpg 1536w, https:\/\/smartenergy44.eu\/wp-content\/uploads\/2021\/01\/Bildband_SmartEnergy-300x65.jpg 300w, https:\/\/smartenergy44.eu\/wp-content\/uploads\/2021\/01\/Bildband_SmartEnergy-1024x221.jpg 1024w, https:\/\/smartenergy44.eu\/wp-content\/uploads\/2021\/01\/Bildband_SmartEnergy-768x166.jpg 768w, https:\/\/smartenergy44.eu\/wp-content\/uploads\/2021\/01\/Bildband_SmartEnergy-506x109.jpg 506w\" sizes=\"auto, (max-width: 1536px) 100vw, 1536px\" \/><\/p>\n<h2>Donn\u00e9es g\u00e9n\u00e9rales du projet<\/h2>\n<p>La direction et la coordination du projet sont assur\u00e9es par le Landkreis Tr\u00e8ves-Sarrebourg en tant que b\u00e9n\u00e9ficiaire chef de file. Le projet est financ\u00e9 par le Fonds europ\u00e9en de d\u00e9veloppement r\u00e9gional (FEDER) de l\u2019Union europ\u00e9enne avec un taux de financement de 60 pourcent pour une dur\u00e9e totale pr\u00e9vue de trois ans. Le budget du projet est d\u2019environ 2,6 millions d\u2019euros.<\/p>\n<p>La mise en \u0153uvre du projet se fait sous la coordination du Balthasar-Neumann-Technikum Trier, en collaboration avec les partenaires du projet, \u00e0 savoir l\u2018Atert-Lyc\u00e9e de Redange, le Lyc\u00e9e Henri Nomin\u00e9 de Sarreguemines, le Zentrum f\u00fcr Aus- und Weiterbildung des Mittelstandes Eupen V.o.G. et l\u2018IFAMPE de Li\u00e8ge. Sur chaque site, smart energy 4.4 se distingue par une coop\u00e9ration \u00e9troite avec des partenaires strat\u00e9giques locaux.<\/p>\n<p>&nbsp;<\/p>\n<p><iframe loading=\"lazy\" width=\"560\" height=\"315\" src=\"https:\/\/www.youtube.com\/embed\/wyKotL6aIUI\" title=\"YouTube video player\" frameborder=\"0\" allow=\"accelerometer; autoplay; clipboard-write; encrypted-media; gyroscope; picture-in-picture\" allowfullscreen><\/iframe><\/p>\n<h2>Pourquoi smart energy 4.4?<\/h2>\n<p>En raison de la transition \u00e9nerg\u00e9tique, le march\u00e9 de produits et de prestations techniques du b\u00e2timent est soumis \u00e0 un changement rapide depuis quelques ann\u00e9es. Les constructions nouvelles et les b\u00e2timents existants n\u00e9cessitent des techniques \u00e9nerg\u00e9tiques innovantes et alternatives afin de pouvoir satisfaire aux utilisateurs des b\u00e2timents d\u2018aujourdhui et aux normes et r\u00e8glements toujours plus sp\u00e9cifiques. Face au manque de professionnels qualifi\u00e9s sur tous les niveaux de qualification, dans les domaines de l\u2019efficacit\u00e9 \u00e9nerg\u00e9tique, des techniques du b\u00e2timent et \u00e9nerg\u00e9tique, les entreprises de la Grande R\u00e9gion ne peuvent r\u00e9pondre de mani\u00e8re ad\u00e9quate \u00e0 la demande significativement accrue du nouveau march\u00e9. De plus, la transposition de la directive 2010\/31\/UE de l\u2019Union europ\u00e9enne en loi nationale, qui s\u2019est faite de mani\u00e8re diff\u00e9rente dans les diff\u00e9rents pays dans les domaines de l\u2019\u00e9conomie d\u2019\u00e9nergie, de la r\u00e9novation des b\u00e2timents et de l\u2019approvisionnement en \u00e9nergie, ainsi que le manque de reconnaissance mutuelle de dipl\u00f4mes et de qualifications, compliquent la mobilit\u00e9 des professionnels qualifi\u00e9s sur le march\u00e9 du travail transfrontalier.<\/p>\n<p>Le projet Interreg \u00ab smart energy 4.4 \u00bb rel\u00e8ve le d\u00e9fi de d\u00e9velopper davantage la r\u00e9novation \u00e9nerg\u00e9tique des b\u00e2timents, la gestion de l\u2018\u00e9nergie ainsi que la formation et la qualification des professionnels, tout en pr\u00e9servant la main-d\u2018oeuvre qualifi\u00e9e existante, par del\u00e0 les fronti\u00e8res nationales.<\/p>\n<p>Dans la \u00ab Grande R\u00e9gion \u00bb, qui englobe l\u2019Allemagne, la Belgique, la France et le Luxembourg, sur cinq sites \u00e0 Tr\u00e8ves, Eupen, Li\u00e8ge, Sarreguemines et Redange, le projet smart energy 4.4 va mettre en pratique l\u2019id\u00e9al europ\u00e9en d\u2019une coop\u00e9ration transfrontali\u00e8re.<\/p>\n<h2>Objectifs du projet<\/h2>\n<p>Un but du projet smart energy 4.4 est de montrer les diff\u00e9rentes mises en \u0153uvres, entre autres de la directive 2010\/31\/UE de l\u2019Union europ\u00e9nne, au niveau national et d\u2019effectuer ensuite une analyse comparative des diff\u00e9rentes normes et des r\u00e8glements nationaux, afin de rendre possible une reconnaissance mutuelle et une certification des qualifications au niveau transfrontalier. Afin de relever les d\u00e9fis dans le domaine des nouvelles technologies \u00e9nerg\u00e9tiques, les petites et moyennes entreprises (PME) de la Grande R\u00e9gion ont besoin d\u2019employ\u00e9s qui poss\u00e8dent d\u2018importantes comp\u00e9tences techniques, conceptuelles, de coop\u00e9ration et de conseil, ainsi que des comp\u00e9tences \u00abdouces\u00bb (soft skills) et des comp\u00e9tences en affaires.<\/p>\n<p>Un autre objectif principal du projet est donc la mise en place d\u2019offres de formation continue et compl\u00e9mentaire bas\u00e9es sur l\u2019int\u00e9gration \u00e9troite de la th\u00e9orie et de la pratique. Cela est rendu possible par des salles de formation ultramodernes, dans lesquelles des situations r\u00e9alistes de la construction dans l\u2019existant peuvent \u00eatre simul\u00e9es. Ainsi, des failles dans l\u2019enveloppe d\u2019un b\u00e2timent peuvent \u00eatre rep\u00e9r\u00e9es et des mesures d\u2019assainissement d\u00e9velopp\u00e9es, des technologies g\u00e9n\u00e9ratrices d\u2019\u00e9nergie renouvelable peuvent \u00eatre install\u00e9es et mises en service \u00e0 l\u2019\u00e9chelle r\u00e9elle pour une maison d\u2019habitation. En m\u00eame temps, des connaissances fondamentales de la physique du b\u00e2timent dans les domaines de l\u2019isolation thermique et accoustique, de la protection contre l\u2019humidit\u00e9 et incendie peuvent \u00eatre transmises de fa\u00e7on pratique. Dans le cadre de la promotion de la capacit\u00e9 d\u2019action professionnelle, est pr\u00e9vue l\u2019\u00e9laboration de conceptes d\u2019assainissment pour les \u00e9coles maternelles, primaires et secondaires, ainsi que pour les b\u00e2timents occup\u00e9s par les pouvoirs publics dans la Grande R\u00e9gion.<\/p>\n<p>Par ailleurs, smart energy 4.4 vise \u00e0 assurer la reconnaissance et la certification transfrontali\u00e8res des qualifications et des dipl\u00f4mes obtenus. Il est pr\u00e9vu d\u2019offrir des mesures de formation pour les ing\u00e9nieurs et les artisans de maisons passives, ainsi que pour les conseillers en \u00e9nergie. Gr\u00e2ce \u00e0 des normes de qualification uniformes et certifi\u00e9es, les professionnels seront ainsi capables de donner des conseils en \u00e9nergie sur le march\u00e9 transfrontalier. Dans le cadre du d\u00e9bat dynamique \u00e0 l\u2019\u00e9chelle internationale sur les sujets de la durabilit\u00e9, de la protection du climat et de l\u2019\u00e9conomie des ressources, nous devons aussi d\u00e9velopper des solutions \u00e9cologiquement responsables, \u00e9conomiquement l\u00e9gitimes et techniquement innovantes pour la Grande R\u00e9gion et les mettre en pratique. Le projet smart energy 4.4 donne a tous les participants la chance de d\u00e9velopper des solutions transfrontali\u00e8res et coop\u00e9ratives, afin de former des jeunes professionnels de fa\u00e7on innovante et ax\u00e9e sur le march\u00e9 du travail, et afin d\u2019offrir aux entreprises de nouvelles perspectives professionnelles et \u00e9conomiques qui conduiront \u00e0 une r\u00e9duction des co\u00fbts \u00e9nerg\u00e9tiques et des \u00e9missions de CO2 dans les b\u00e2timents existants de la Grande R\u00e9gion.<\/p>\n<h2>Liste der strategischen Partner<\/h2>\n<ul>\n<li>Handwerkskammer des Saarlandes<\/li>\n<li>Handwerkskammer Trier\/ Umweltzentrum<\/li>\n<li>Bosch Thermotechnik GmbH<\/li>\n<li>Energieagentur Trier<\/li>\n<li>Umweltzentrum SaarLorLux<\/li>\n<li>Geberit GmbH<\/li>\n<li>Topsolar S.A<\/li>\n<li>Universit\u00e4t Luxemburg<\/li>\n<li>Stadtwerke Trier<\/li>\n<li>Knauf Akademie<\/li>\n<li>IFSB Luxemburg<\/li>\n<li>Energieagentur Luxemburg<\/li>\n<li>Konf\u00f6deration Baufach des Bezirks Verviers<\/li>\n<li>Chambre des M\u00e9tiers du Luxembourg<\/li>\n<\/ul>\n","protected":false},"excerpt":{"rendered":"<p>Donn\u00e9es g\u00e9n\u00e9rales du projet La direction et la coordination du projet sont assur\u00e9es par le Landkreis Tr\u00e8ves-Sarrebourg en tant que b\u00e9n\u00e9ficiaire chef de file. Le projet est financ\u00e9 par le Fonds europ\u00e9en de d\u00e9veloppement r\u00e9gional (FEDER) de l\u2019Union europ\u00e9enne avec un taux de financement de 60 pourcent pour une dur\u00e9e totale pr\u00e9vue de trois ans. [&hellip;]<\/p>\n","protected":false},"author":1,"featured_media":0,"parent":0,"menu_order":0,"comment_status":"closed","ping_status":"closed","template":"","meta":{"inline_featured_image":false,"footnotes":""},"class_list":["post-188","page","type-page","status-publish","hentry"],"acf":[],"_links":{"self":[{"href":"https:\/\/smartenergy44.eu\/fr\/wp-json\/wp\/v2\/pages\/188","targetHints":{"allow":["GET"]}}],"collection":[{"href":"https:\/\/smartenergy44.eu\/fr\/wp-json\/wp\/v2\/pages"}],"about":[{"href":"https:\/\/smartenergy44.eu\/fr\/wp-json\/wp\/v2\/types\/page"}],"author":[{"embeddable":true,"href":"https:\/\/smartenergy44.eu\/fr\/wp-json\/wp\/v2\/users\/1"}],"replies":[{"embeddable":true,"href":"https:\/\/smartenergy44.eu\/fr\/wp-json\/wp\/v2\/comments?post=188"}],"version-history":[{"count":14,"href":"https:\/\/smartenergy44.eu\/fr\/wp-json\/wp\/v2\/pages\/188\/revisions"}],"predecessor-version":[{"id":676,"href":"https:\/\/smartenergy44.eu\/fr\/wp-json\/wp\/v2\/pages\/188\/revisions\/676"}],"wp:attachment":[{"href":"https:\/\/smartenergy44.eu\/fr\/wp-json\/wp\/v2\/media?parent=188"}],"curies":[{"name":"wp","href":"https:\/\/api.w.org\/{rel}","templated":true}]}}