{"id":219,"date":"2021-01-19T13:45:22","date_gmt":"2021-01-19T12:45:22","guid":{"rendered":"https:\/\/smartenergy44.eu\/impressum\/"},"modified":"2021-02-08T10:21:33","modified_gmt":"2021-02-08T09:21:33","slug":"impressum","status":"publish","type":"page","link":"https:\/\/smartenergy44.eu\/fr\/impressum\/","title":{"rendered":"Impressum"},"content":{"rendered":"<p><strong>Kreisverwaltung Trier-Saarburg<\/strong><br \/>\nim Projekt \u00ab\u00a0Smart-Energy 4.4<br \/>\nWilly-Brandt-Platz 1<br \/>\n54290 Trier<\/p>\n<p>Telefon: +49 651 715 0<br \/>\nTelefax: +49 651 715 200<br \/>\nInternet:\u00a0<a href=\"http:\/\/www.trier-saarburg.de\">www.trier-saarburg.de<\/a><\/p>\n<p>Der Landkreis Trier-Saarburg ist eine K\u00f6rperschaft des \u00f6ffentlichen Rechts.<br \/>\nEr wird vertreten durch <a href=\"https:\/\/www.trier-saarburg.de\/web\/20180808152659\/http:\/www.trier-saarburg.de\/index.php?menueId=0&amp;submenueId=33&amp;sprache=de&amp;size=\">Landrat G\u00fcnther Schartz<\/a>.<br \/>\nInhaltlich Verantwortlicher gem\u00e4\u00df \u00a7 6 MDStV: Norbert Etringer, Abteilungsleiter Schulen und Bildung\u2028Ansprechpartner: Martin Meyer, Abteilung Schulen und Bildung<\/p>\n<p><strong>Web-Design\/Programmierung:<\/strong><br \/>\nApfelgrafik, <a href=\"https:\/\/www.apfelgrafik.de\/\">https:\/\/www.apfelgrafik.de\/<\/a><\/p>\n<p>Alle Rechte vorbehalten. Inhalt und Struktur dieser Website sind urheberrechtlich gesch\u00fctzt. Die Vervielf\u00e4ltigung von Informationen oder Daten, insbesondere die Verwendung von Texten, Textteilen oder Bildmaterial bedarf der vorherigen schriftlichen Zustimmung des Herausgebers. Die Kreisverwaltung Trier-Saarburg beh\u00e4lt sich das Recht vor, \u00c4nderungen an den auf dieser Website zur Verf\u00fcgung gestellten Informationen und Daten unangek\u00fcndigt vorzunehmen.<\/p>\n<p>Die Inhalte dieser Website wurden von der Kreisverwaltung Trier-Saarburg sorgf\u00e4ltig recherchiert. Trotzdem wird keine Haftung oder Gew\u00e4hr f\u00fcr die Richtigkeit, Vollst\u00e4ndigkeit und Aktualit\u00e4t der auf dieser Website zur Verf\u00fcgung gestellten Informationen \u00fcbernommen. Eine Haftung, insbesondere f\u00fcr direkte oder indirekte Sch\u00e4den, einschlie\u00dflich entgangenen Gewinns, die aufgrund von oder sonst wie in Verbindung mit Informationen entstehen, die auf dieser Website bereitgehalten werden, ist ausgeschlossen.<\/p>\n<p>Gleiches gilt auch f\u00fcr alle anderen Websites, auf die mittels Hyperlink direkt oder indirekt verwiesen wird. Die Kreisverwaltung Trier-Saarburg ist f\u00fcr den Inhalt der Websites, die aufgrund einer solchen Verbindung erreicht werden, nicht verantwortlich.<\/p>\n<p>Mit dem Absenden von Formularen \u00fcber diese Website erkl\u00e4rt sich der Anwender damit einverstanden, dass seine Angaben zur Bearbeitung &#8211; im Sinne des Bundesdatenschutzgesetzes &#8211; in unserer EDV erfasst werden.<\/p>\n<p>Aus der Ver\u00f6ffentlichung kann nicht geschlossen werden, dass die verwendeten Bezeichnungen frei von gewerblichen Schutzrechten sind. Bei Verwendung fremder Firmennamen, Firmenlogos und Produktnamen werden die damit verbundenen Schutzrechte anerkannt.<\/p>\n<p>\u00a9 2020 &#8211; Kreisverwaltung Trier-Saarburg<\/p>\n<p>F\u00fcr die elektronische Kommunikation mit der Kreisverwaltung Trier-Saarburg gelten die <a href=\"https:\/\/www.trier-saarburg.de\/web\/20180808152659\/http:\/www.trier-saarburg.de\/index.php?menueId=3&amp;submenueId=6&amp;sprache=de#elektronischeKommunikation\">Grunds\u00e4tze f\u00fcr die elektronische Kommunikation mit der Verwaltung<\/a>.<\/p>\n","protected":false},"excerpt":{"rendered":"<p>Kreisverwaltung Trier-Saarburg im Projekt \u00ab\u00a0Smart-Energy 4.4 Willy-Brandt-Platz 1 54290 Trier Telefon: +49 651 715 0 Telefax: +49 651 715 200 Internet:\u00a0www.trier-saarburg.de Der Landkreis Trier-Saarburg ist eine K\u00f6rperschaft des \u00f6ffentlichen Rechts. Er wird vertreten durch Landrat G\u00fcnther Schartz. Inhaltlich Verantwortlicher gem\u00e4\u00df \u00a7 6 MDStV: Norbert Etringer, Abteilungsleiter Schulen und Bildung\u2028Ansprechpartner: Martin Meyer, Abteilung Schulen und Bildung [&hellip;]<\/p>\n","protected":false},"author":1,"featured_media":0,"parent":0,"menu_order":0,"comment_status":"closed","ping_status":"closed","template":"","meta":{"inline_featured_image":false,"footnotes":""},"class_list":["post-219","page","type-page","status-publish","hentry"],"acf":[],"_links":{"self":[{"href":"https:\/\/smartenergy44.eu\/fr\/wp-json\/wp\/v2\/pages\/219","targetHints":{"allow":["GET"]}}],"collection":[{"href":"https:\/\/smartenergy44.eu\/fr\/wp-json\/wp\/v2\/pages"}],"about":[{"href":"https:\/\/smartenergy44.eu\/fr\/wp-json\/wp\/v2\/types\/page"}],"author":[{"embeddable":true,"href":"https:\/\/smartenergy44.eu\/fr\/wp-json\/wp\/v2\/users\/1"}],"replies":[{"embeddable":true,"href":"https:\/\/smartenergy44.eu\/fr\/wp-json\/wp\/v2\/comments?post=219"}],"version-history":[{"count":2,"href":"https:\/\/smartenergy44.eu\/fr\/wp-json\/wp\/v2\/pages\/219\/revisions"}],"predecessor-version":[{"id":266,"href":"https:\/\/smartenergy44.eu\/fr\/wp-json\/wp\/v2\/pages\/219\/revisions\/266"}],"wp:attachment":[{"href":"https:\/\/smartenergy44.eu\/fr\/wp-json\/wp\/v2\/media?parent=219"}],"curies":[{"name":"wp","href":"https:\/\/api.w.org\/{rel}","templated":true}]}}