{"id":221,"date":"2021-01-04T19:11:09","date_gmt":"2021-01-04T18:11:09","guid":{"rendered":"https:\/\/smartenergy44.eu\/datenschutzerklaerung\/"},"modified":"2021-01-04T19:11:09","modified_gmt":"2021-01-04T18:11:09","slug":"datenschutzerklaerung","status":"publish","type":"page","link":"https:\/\/smartenergy44.eu\/fr\/datenschutzerklaerung\/","title":{"rendered":"Datenschutzerkl\u00e4rung"},"content":{"rendered":"<p><strong>Datenschutzerkl\u00e4rung zum Internetangebot der Kreisverwaltung Trier-Saarburg im Projekt \u201eSmart-Energy 4.4<\/strong>\u201c<\/p>\n<p>Die Kreisverwaltung Trier-Saarburg verpflichtet sich zum Schutz Ihrer pers\u00f6nlichen Daten bei der Nutzung unserer Webseite nach den Regeln der Datenschutzgesetze.<\/p>\n<p>Wir nehmen den Schutz Ihrer Privatsph\u00e4re ernst und werden daher ihre Daten vertraulich behandeln. Daher m\u00f6chten wir Sie an dieser Stelle informieren, welche Ihrer personenbezogenen Daten wir in Bezug auf den Besuch unserer Webseite erfassen und f\u00fcr welche Zwecke diese genutzt werden. Aufgrund von Gesetzes\u00e4nderungen oder \u00c4nderungen unserer internen Prozesse kann eine \u00c4nderung der Datenschutzerkl\u00e4rung notwendig werden. Wir bitten Sie daher, regelm\u00e4\u00dfig die Datenschutzerkl\u00e4rung durchzulesen.<\/p>\n<p>Als personenbezogene Daten gelten Informationen, die geeignet sind, pers\u00f6nliche oder sachliche Verh\u00e4ltnisse \u00fcber Sie in Erfahrung zu bringen, so z. B. Name, Vorname, Geburtsdatum, Adresse, Telefonnummer oder E-Mail-Adresse.<\/p>\n<p>Informationen, die keine Aussage \u00fcber ihre pers\u00f6nlichen oder sachlichen Verh\u00e4ltnisse zulassen, sind keine personenbezogenen Daten.<\/p>\n<p>Auf unserer Webseite werden personenbezogene Daten nur im technisch notwendigem Umfang erhoben.<\/p>\n<p>Daher erhebt und speichert die Kreisverwaltung Trier-Saarburg automatisch in ihren Server-Log-Files Informationen, die Ihr Browser an uns \u00fcbermittelt; das sind:<\/p>\n<ul>\n<li>Hostname des zugreifenden Rechners (IP-Adresse)<\/li>\n<li>Datum und Uhrzeit der Serveranfrage<\/li>\n<li>Browser\/Browserversion<\/li>\n<li>die aufgerufene Seite<\/li>\n<\/ul>\n<p>Diese Daten sind anonym und k\u00f6nnen von hier nicht bestimmten Personen zugeordnet werden. Eine Zusammenf\u00fchrung dieser Daten mit anderen Datenquellen wird nicht vorgenommen.<\/p>\n<p>Ziel dieser Website ist die Bewerbung verschiedenster Schulungsma\u00dfnahmen, welche durch die am Projekt beteiligten Partner Landkreis Trier-Saarburg, Zentrum f\u00fcr Aus- und Weiterbildung des Mittelstandes Eupen, Attert-Lyc\u00e9e Redange, Centre IFAPME L\u00fcttich und Lyc\u00e9e Henri-Nomin\u00e9 Saargem\u00fcnd angeboten werden. Zur Anmeldung zu einer Schulungsma\u00dfnahme steht ein entsprechendes Kontaktformular bereit. Die dort erhobenen personenbezogenen Daten werden an den jeweils ausrichtenden Partner \u00fcbermittelt, um die Durchf\u00fchrung der Schulung zu erm\u00f6glichen. Dies beinhaltet insbesondere die Kontaktaufnahme zur \u00dcbersendung von Zugangsdaten, Schulungsunterlagen und Zertifikaten. Sofern die Anmeldung nicht \u00fcber das auf dieser Seite befindliche Anmeldeformular, sondern direkt \u00fcber eine verlinkte Website des Partners erfolgt gelten die f\u00fcr diese Website g\u00fcltigen Datenschutzbestimmungen (s.u. Hyperlinks zu fremden Websites\u201c).<\/p>\n<p>Das Projekt ist gegen\u00fcber dem F\u00f6rdermittelgeber, der Europ\u00e4ischen Union, berichtspflichtig. Aus diesem Grund werden Angaben zu Wohnort (Deutschland, Belgien, Luxembourg, Frankreich) sowie die Angaben zur Zielgruppe anonymisiert ausgewertet, um die Berichts- und Nachweispflichten zu erf\u00fcllen.<\/p>\n<p>Es findet keine personenbezogene Auswertung statt. Die statistische Auswertung pseudonymisierter oder anonymisierter Datens\u00e4tze bleibt vorbehalten.<\/p>\n<p>Eine solche erfolgt z. B. aus Systemsicherheitsgr\u00fcnden zur Verhinderung von Missbrauch, zur Verbesserung der Webseite und zu Zwecken der Statistik (Anzahl der Nutzer und Seitenaufrufe). In keinem Fall werden die erhobenen Daten verkauft oder aus anderen Gr\u00fcnden an Dritte weitergegeben.<\/p>\n<h2>SSL- bzw. TLS-Verschl\u00fcsselung<\/h2>\n<p>Sofern wir personenbezogene Daten erheben, speichern wir oder unsere Auftragsverarbeiter diese auf besonders gesch\u00fctzten Servern in der EU. Der Zugriff darauf ist nur wenigen besonders befugten Personen m\u00f6glich, die mit der technischen, kaufm\u00e4nnischen oder redaktionellen Betreuung befasst sind. Um einen Verlust oder Missbrauch der Daten zu verhindern, treffen wir umfangreiche technische und beh\u00f6rdliche Sicherheitsma\u00dfnahmen, die regelm\u00e4\u00dfig \u00fcberpr\u00fcft und dem technischen Fortschritt angepasst werden. Wir weisen darauf hin, dass es aufgrund der Struktur des Internets m\u00f6glich ist, dass die Regeln des Datenschutzes und die o. g. Sicherungsma\u00dfnahmen von anderen, nicht im Verantwortungsbereich von uns liegenden Personen oder Institutionen nicht beachtet werden. Besonders k\u00f6nnen unverschl\u00fcsselt preisgegebene Daten \u2013 auch wenn dies per E-Mail erfolgt von Dritten mitgelesen werden. Wir haben technisch hierauf keinen Einfluss. Es liegt im Verantwortungsbereich des Nutzers, die von ihm zur Verf\u00fcgung gestellten Daten durch Verschl\u00fcsselung oder in sonstiger Wiese gegen Missbrauch zu sch\u00fctzen.<\/p>\n<p><em><strong>Diese Seite nutzt aus Sicherheitsgr\u00fcnden eine SSL- bzw. TLS-Verschl\u00fcsselung. Eine verschl\u00fcsselte Verbindung erkennen Sie daran, dass die Adresszeile des Browsers von http:\/\/ auf https:\/\/ wechselt und an dem Schloss-symbol in Ihrer Browserzeile. Wenn die SSL- bzw. TLS-Verschl\u00fcsselung aktiviert ist, k\u00f6nnen die Daten, die Sie an uns \u00fcbermitteln, nicht von Dritten gelesen werden.<\/strong><\/em><\/p>\n<p>Wir bieten Ihnen auf unserer Seite die M\u00f6glichkeit, mit uns in Kontakt zu treten. Bitte geben Sie zumindest Ihren Namen und die E-Mail-Adresse an. Die Angaben werden zum Zwecke der Bearbeitung der Kontaktaufnahme per Mail an den zust\u00e4ndigen Bearbeiter\/in weitergeleitet. Sie erhalten ebenfalls eine Kopie der Nachricht. Eine Weitergabe an Dritte erfolgt nicht. Ein Abgleich der so erhobenen Daten mit Daten, die m\u00f6glicherweise durch andere Komponenten unserer Seite erhoben werden, erfolgt ebenfalls nicht.<\/p>\n<p>Folgende Daten k\u00f6nnen \u00fcber das Kontaktformular erhoben werden:<\/p>\n<ul>\n<li>Name<\/li>\n<li>Vorname<\/li>\n<li>Firma<\/li>\n<li>Adresse<\/li>\n<li>E-Mail Adresse<\/li>\n<li>Zielgruppe<\/li>\n<li>Ihre Nachricht<\/li>\n<\/ul>\n<h2>Hyperlinks zu fremden Webseiten<\/h2>\n<p>Auf unserer Website befinden sich sog. Hyperlinks zu Webseiten anderer Anbieter. In diesen F\u00e4llen werden sie von unserer Webseite direkt auf die Webseite der anderen Anbieter weitergeleitet. Sie erkennen dies u. a. am Wechsel der URL. Wir k\u00f6nnen nach dem Wechsel keine Verantwortung f\u00fcr den vertraulichen Umgang Ihrer Daten \u00fcbernehmen, da wir keinen Einfluss darauf haben, dass diese \u00f6ffentlichen oder nicht\u00f6ffentlichen Stellen die Datenschutzbestimmungen einhalten. \u00dcber den Umgang mit Ihren personenbezogenen Daten durch diese \u00f6ffentlichen oder nicht\u00f6ffentlichen Stellen informieren Sie sich bitte auf deren Webseiten direkt.<\/p>\n<h2>Cookies<\/h2>\n<p>Auf unserer Webseite setzen wir Cookies ein, um Ihnen den Besuch unserer Webseite attraktiver gestalten zu k\u00f6nnen und die Nutzung bestimmter Funktionen zu erm\u00f6glichen. Bei Cookies handelt es sich um kleine Textdateien, die von einem Webserver generiert werden und mittels des genutzten Webbrowsers auf Ihrem Computer w\u00e4hrend des Online-Besuches gespeichert werden Die meisten der von uns verwendeten Cookies sind so genannte \u201eSession-Cookies\u201c. Diese werden automatisch nach der Beendigung Ihrer Browser-Sitzung gel\u00f6scht. Cookies sind nicht in der Lage, Daten von Ihrer Festplatte herunterzuladen, Ihre E-Mail-Adresse oder andere Daten zu Ihrer Person an uns zu \u00fcbermitteln.<\/p>\n<p>Sie k\u00f6nnen der Datenerhebung und -speicherung auch jederzeit mit Wirkung f\u00fcr die Zukunft widersprechen. Sie k\u00f6nnen die Speicherung von Cookies auf Ihrem Rechner bspw. durch entsprechende \u00c4nderung Ihrer Browser-Einstellungen verhindern, so dass Cookies nicht akzeptiert werden oder Sie vor dem Setzen eines Cookies benachrichtigt werden. Hierdurch kann jedoch gegebenenfalls der Funktionsumfang unseres Internetangebots oder unserer Services eingeschr\u00e4nkt werden.<\/p>\n<h2>Weitergabe personenbezogener Daten an Dritte<\/h2>\n<p>Wir geben Ihre personenbezogenen Daten grunds\u00e4tzlich nicht an Dritte weiter. Hiervon abweichend k\u00f6nnen wir aber in Einzelf\u00e4llen verpflichtet sein, Ihre personenbezogenen Daten an Strafverfolgungsbeh\u00f6rden weiterzugeben. Dies ist z. B. der Fall, wenn der Verdacht einer Straftat oder des Missbrauchs unserer Webseite besteht.<\/p>\n<h2>Speicherung Ihrer Daten<\/h2>\n<p>Wir speichern Ihre Daten nur solange, wie dies nach dem Gesetz zul\u00e4ssig ist. Wir teilen Ihnen auf Ihre Anfrage jederzeit gerne mit, ob und welche Daten von Ihnen bei uns gespeichert sind. Sollte trotz unseres Bem\u00fchens um richtige und aktuelle Daten falsche Daten bei uns gespeichert sein, so berichtigen wir diese auf Ihre Aufforderung hin unverz\u00fcglich. Sollten Sie die L\u00f6schung der gespeicherten Daten w\u00fcnschen, wird diese auf Ihre Anforderung im Rahmen der gesetzlichen Vorgaben vorgenommen. Ist eine L\u00f6schung aus rechtlichen Gr\u00fcnden nicht m\u00f6glich, tritt an ihre Stelle eine Sperrung der jeweiligen Daten.<\/p>\n<p>Bitte beachten Sie jedoch, was wir Ihnen bei L\u00f6schung Ihrer Daten die auf unserer Webseite angebotenen Services unter Umst\u00e4nden ganz oder zum Teil nicht mehr anbieten k\u00f6nnen.<\/p>\n<h2>Aktualisierung dieser Datenschutzerkl\u00e4rung<\/h2>\n<p>Soweit die Kreisverwaltung Trier-Saarburg im Projekt Smart-Energy 4.4 neue Produkte oder Dienstleistungen einf\u00fchrt, Internet-Verfahren \u00e4ndert oder wenn sich die Internet- und EDV-Sicherheitstechnik weiterentwickelt, wird diese \u201eDatenschutzerkl\u00e4rung\u201c aktualisiert. Die \u00c4nderung werden wir an dieser Stelle ver\u00f6ffentlichen.<\/p>\n<h2>Kontakt<\/h2>\n<p>Ihr Vertrauen ist uns wichtig. Daher m\u00f6chten wir Ihnen jederzeit Rede und Antwort bez\u00fcglich der Verarbeitung Ihrer personenbezogenen Daten stehen. Wenn Sie Fragen haben, die Ihnen diese Datenschutzerkl\u00e4rung nicht beantworten konnte, die Auskunft oder L\u00f6schung Ihrer Daten verlangen oder vertiefte Informationen w\u00fcnschen, stehen wir Ihnen gerne zur Verf\u00fcgung.<\/p>\n<p>Die Kreisverwaltung Trier-Saarburg als Verantwortliche hat einen beh\u00f6rdlichen Datenschutzbeauftragten bestellt. Er unterst\u00fctzt die Dienststellen der Kreisverwaltung bei der Sicherstellung des Datenschutzes. Er ist auch Ansprechpartner f\u00fcr Einwohnerinnen und Einwohner, die Fragen zum Datenschutz in der Kreisverwaltung Trier-Saarburg haben.<\/p>\n<h2>Kontaktdaten der Verantwortlichen:<\/h2>\n<p>Verantwortliche im Sinne der Datenschutz-Grundverordnung und anderer nationaler Datenschutzgesetze der Mitgliedstaaten sowie sonstiger datenschutzrechtlicher Bestimmungen ist die:<\/p>\n<p>Kreisverwaltung Trier-Saarburg<br \/>\nWilly-Brandt-Platz 1<br \/>\n54290 Trier\u2028Telefon: +49 (0) 651-715 0<br \/>\nE-Mail: <a href=\"mailto:info@trier-saarburg.de\">info@trier-saarburg.de<\/a><br \/>\nWebsite: <a href=\"http:\/\/www.trier-saarburg.de\">www.trier-saarburg.de<\/a><\/p>\n<h2>Kontaktdaten der Datenschutzbeauftragen des Verantwortlichen:<\/h2>\n<p>Kreisverwaltung Trier-Saarburg<br \/>\nDatenschutzbeauftragte<br \/>\nWilly-Brandt-Platz 1<br \/>\n54290 Trier<br \/>\nTelefon: +49 (0) 651-715 193<br \/>\nE-Mail: <a href=\"mailto:datenschutzbeauftragter@trier-saarburg.de\">datenschutzbeauftragter@trier-saarburg.de<\/a><\/p>\n<p>Der <a href=\"https:\/\/www.datenschutz.rlp.de\/de\/startseite\/\">Landesbeauftragte<\/a> f\u00fcr den Datenschutz und die Informationsfreiheit Rheinland-Pfalz (LfDI) \u00fcberwacht die \u00f6ffentlichen und die privaten Stellen in Bezug auf die Einhaltung der Europ\u00e4ischen Datenschutz-Grundverordnung und anderer Vorschriften \u00fcber den Datenschutz.<\/p>\n<p>Er ber\u00e4t die datenverarbeitenden Stellen in Fragen des Datenschutzes und f\u00fchrt \u00f6rtliche Kontrollen durch. Weiterhin ist es seine Aufgabe, Beschwerden von B\u00fcrgern nachzugehen.<\/p>\n<p>Die <a href=\"https:\/\/www.bfdi.bund.de\/DE\/Home\/home_node.html\">Bundesbeauftragte<\/a> f\u00fcr den Datenschutz (BfDI) kontrolliert die Einhaltung des Datenschutzes bei den \u00f6ffentlichen Stellen des Bundes und ber\u00e4t insbesondere den Bundestag und die Bundesregierung in Datenschutzangelegenheiten. Daneben hat die BfDI auch bestimmte nicht-\u00f6ffentliche Stellen zu beraten und zu kontrollieren. Dar\u00fcber hinaus obliegt der BfDI die gesetzliche Aufgabe, den Deutschen Bundestag und die \u00d6ffentlichkeit \u00fcber wesentliche datenschutzrelevante Entwicklungen im privatwirtschaftlichen Bereich zu unterrichten.<\/p>\n<p>Im Rahmen dieser Zust\u00e4ndigkeiten sind die Datenschutzbeauftragten Ansprechpartner f\u00fcr jeden, der seine Rechte durch den Umgang mit seinen personenbezogenen Daten verletzt sieht.<\/p>\n<p>Sie k\u00f6nnen sich jederzeit mit einer Beschwerde an die f\u00fcr Sie zust\u00e4ndige Aufsichtsbeh\u00f6rde wenden.<\/p>\n<p>Sie k\u00f6nnen jederzeit unentgeltlich Auskunft \u00fcber den Umfang, die Herkunft und die Empf\u00e4nger der gespeicherten Daten sowie den Zweck der Speicherung verlangen; au\u00dferdem haben Sie nach Ma\u00dfgabe der datenschutzrechtlichen Vorschriften das Recht auf Berichtigung, L\u00f6schung oder Einschr\u00e4nkung der Verarbeitung Ihrer Daten, ein Widerspruchsrecht gegen die Verarbeitung sowie ein Recht auf Daten\u00fcbertragbarkeit.<\/p>\n<h2>PLUGINS UND TOOLS<\/h2>\n<p><strong>Weitere eingebundene Services von Drittanbietern<\/strong><\/p>\n<p>Hinweis:<br \/>\nRechtsgrundlage f\u00fcr die Datenverarbeitung von Drittanbietern ist Art. 6 Abs.1 lit. f DSGVO. Das berechtigte Interesse besteht in einer fehlerfreien Funktion der Internetseite.<\/p>\n<p>Sie k\u00f6nnen das Laden der Plugins auch mit Add-Ons f\u00fcr Ihren Browser komplett verhindern, z.B. mit \u201eAdblock Plus\u201c (<a href=\"https:\/\/adblockplus.org\/de\/\">https:\/\/adblockplus.org\/de\/<\/a>).<\/p>\n<p>Datenschutzerkl\u00e4rung f\u00fcr die Nutzung von Google Analytics<br \/>\nDiese Website benutzt Google Analytics, einen Webanalysedienst der Google Inc. (\u201eGoogle\u201c). Google Analytics verwendet sog. \u201eCookies\u201c, Textdateien, die auf Ihrem Computer gespeichert werden und die eine Analyse der Benutzung der Website durch Sie erm\u00f6glichen. Die durch den Cookie erzeugten Informationen \u00fcber Ihre Benutzung dieser Website werden in der Regel an einen Server von Google in den USA \u00fcbertragen und dort gespeichert. Im Falle der Aktivierung der IP-Anonymisierung auf dieser Webseite wird Ihre IP-Adresse von Google jedoch innerhalb von Mitgliedstaaten der Europ\u00e4ischen Union oder in anderen Vertragsstaaten des Abkommens \u00fcber den Europ\u00e4ischen Wirtschaftsraum zuvor gek\u00fcrzt.<\/p>\n<p>Nur in Ausnahmef\u00e4llen wird die volle IP-Adresse an einen Server von Google in den USA \u00fcbertragen und dort gek\u00fcrzt. Im Auftrag des Betreibers dieser Website wird Google diese Informationen benutzen, um Ihre Nutzung der Website auszuwerten, um Reports \u00fcber die Websiteaktivit\u00e4ten zusammenzustellen und um weitere mit der Websitenutzung und der Internetnutzung verbundene Dienstleistungen gegen\u00fcber dem Websitebetreiber zu erbringen. Die im Rahmen von Google Analytics von Ihrem Browser \u00fcbermittelte IP-Adresse wird nicht mit anderen Daten von Google zusammengef\u00fchrt.<\/p>\n<p>Sie k\u00f6nnen die Speicherung der Cookies durch eine entsprechende Einstellung Ihrer Browser-Software verhindern; wir weisen Sie jedoch darauf hin, dass Sie in diesem Fall gegebenenfalls nicht s\u00e4mtliche Funktionen dieser Website vollumf\u00e4nglich werden nutzen k\u00f6nnen. Sie k\u00f6nnen dar\u00fcber hinaus die Erfassung der durch das Cookie erzeugten und auf Ihre Nutzung der Website bezogenen Daten (inkl. Ihrer IP-Adresse) an Google sowie die Verarbeitung dieser Daten durch Google verhindern, indem sie das unter dem folgenden Link verf\u00fcgbare Browser-Plugin herunterladen und installieren:<\/p>\n<p><a href=\"http:\/\/tools.google.com\/dlpage\/gaoptout?hl=de\">http:\/\/tools.google.com\/dlpage\/gaoptout?hl=de<\/a>.<\/p>\n<p>Angesichts der Diskussion um den Einsatz von Analysetools mit vollst\u00e4ndigen IP-Adressen m\u00f6chten wir darauf hinweisen, dass diese Website Google Analytics mit der Erweiterung \u201eanonymizeIp()\u201c verwendet und daher IP-Adressen nur gek\u00fcrzt weiterverarbeitet werden, um eine direkte Personenbeziehbarkeit auszuschlie\u00dfen.\u201c<\/p>\n","protected":false},"excerpt":{"rendered":"<p>Datenschutzerkl\u00e4rung zum Internetangebot der Kreisverwaltung Trier-Saarburg im Projekt \u201eSmart-Energy 4.4\u201c Die Kreisverwaltung Trier-Saarburg verpflichtet sich zum Schutz Ihrer pers\u00f6nlichen Daten bei der Nutzung unserer Webseite nach den Regeln der Datenschutzgesetze. Wir nehmen den Schutz Ihrer Privatsph\u00e4re ernst und werden daher ihre Daten vertraulich behandeln. Daher m\u00f6chten wir Sie an dieser Stelle informieren, welche Ihrer personenbezogenen [&hellip;]<\/p>\n","protected":false},"author":1,"featured_media":0,"parent":0,"menu_order":0,"comment_status":"closed","ping_status":"open","template":"","meta":{"inline_featured_image":false,"footnotes":""},"class_list":["post-221","page","type-page","status-publish","hentry"],"acf":[],"_links":{"self":[{"href":"https:\/\/smartenergy44.eu\/fr\/wp-json\/wp\/v2\/pages\/221","targetHints":{"allow":["GET"]}}],"collection":[{"href":"https:\/\/smartenergy44.eu\/fr\/wp-json\/wp\/v2\/pages"}],"about":[{"href":"https:\/\/smartenergy44.eu\/fr\/wp-json\/wp\/v2\/types\/page"}],"author":[{"embeddable":true,"href":"https:\/\/smartenergy44.eu\/fr\/wp-json\/wp\/v2\/users\/1"}],"replies":[{"embeddable":true,"href":"https:\/\/smartenergy44.eu\/fr\/wp-json\/wp\/v2\/comments?post=221"}],"version-history":[{"count":0,"href":"https:\/\/smartenergy44.eu\/fr\/wp-json\/wp\/v2\/pages\/221\/revisions"}],"wp:attachment":[{"href":"https:\/\/smartenergy44.eu\/fr\/wp-json\/wp\/v2\/media?parent=221"}],"curies":[{"name":"wp","href":"https:\/\/api.w.org\/{rel}","templated":true}]}}