{"id":224,"date":"2021-01-19T13:37:18","date_gmt":"2021-01-19T12:37:18","guid":{"rendered":"https:\/\/smartenergy44.eu\/startseite\/"},"modified":"2021-02-04T12:52:00","modified_gmt":"2021-02-04T11:52:00","slug":"startseite","status":"publish","type":"page","link":"https:\/\/smartenergy44.eu\/fr\/","title":{"rendered":"Bienvenue sur le site du projet Smart Energy 4.4"},"content":{"rendered":"<p>Bienvenue sur le site du projet Smart Energy 4.4, un partenariat Interreg dans quatre pays de l\u2019Union europ\u00e9enne\u00a0: Belgique, Allemagne, France et Luxembourg.<\/p>\n<p>Smart Energy 4.4 propose une gamme compl\u00e8te de formations sur le th\u00e8me de la gestion de l\u2019\u00e9nergie et de l\u2019obtention d\u2019une main-d\u2019\u0153uvre qualifi\u00e9e pour la r\u00e9novation \u00e9nerg\u00e9tique des b\u00e2timents.<\/p>\n<p>Vous trouverez sur ce site de plus amples informations sur le projet et sur l\u2019offre de formations.<\/p>\n","protected":false},"excerpt":{"rendered":"<p>Bienvenue sur le site du projet Smart Energy 4.4, un partenariat Interreg dans quatre pays de l\u2019Union europ\u00e9enne\u00a0: Belgique, Allemagne, France et Luxembourg. Smart Energy 4.4 propose une gamme compl\u00e8te de formations sur le th\u00e8me de la gestion de l\u2019\u00e9nergie et de l\u2019obtention d\u2019une main-d\u2019\u0153uvre qualifi\u00e9e pour la r\u00e9novation \u00e9nerg\u00e9tique des b\u00e2timents. Vous trouverez sur [&hellip;]<\/p>\n","protected":false},"author":1,"featured_media":0,"parent":0,"menu_order":0,"comment_status":"closed","ping_status":"closed","template":"front-page.php","meta":{"inline_featured_image":false,"footnotes":""},"class_list":["post-224","page","type-page","status-publish","hentry"],"acf":[],"_links":{"self":[{"href":"https:\/\/smartenergy44.eu\/fr\/wp-json\/wp\/v2\/pages\/224","targetHints":{"allow":["GET"]}}],"collection":[{"href":"https:\/\/smartenergy44.eu\/fr\/wp-json\/wp\/v2\/pages"}],"about":[{"href":"https:\/\/smartenergy44.eu\/fr\/wp-json\/wp\/v2\/types\/page"}],"author":[{"embeddable":true,"href":"https:\/\/smartenergy44.eu\/fr\/wp-json\/wp\/v2\/users\/1"}],"replies":[{"embeddable":true,"href":"https:\/\/smartenergy44.eu\/fr\/wp-json\/wp\/v2\/comments?post=224"}],"version-history":[{"count":2,"href":"https:\/\/smartenergy44.eu\/fr\/wp-json\/wp\/v2\/pages\/224\/revisions"}],"predecessor-version":[{"id":226,"href":"https:\/\/smartenergy44.eu\/fr\/wp-json\/wp\/v2\/pages\/224\/revisions\/226"}],"wp:attachment":[{"href":"https:\/\/smartenergy44.eu\/fr\/wp-json\/wp\/v2\/media?parent=224"}],"curies":[{"name":"wp","href":"https:\/\/api.w.org\/{rel}","templated":true}]}}